{"id":2390,"date":"2024-05-10T06:40:37","date_gmt":"2024-05-10T06:40:37","guid":{"rendered":"https:\/\/sport-messner.at\/impronta\/"},"modified":"2025-11-14T10:45:55","modified_gmt":"2025-11-14T10:45:55","slug":"impronta","status":"publish","type":"page","link":"https:\/\/sport-messner.at\/it\/impronta\/","title":{"rendered":"Impronta"},"content":{"rendered":"<div class=\"wpb-content-wrapper\"><p>[vc_row][vc_column]\n\t\t\t<!-- START Slider 2 1 1 REVOLUTION SLIDER 6.6.20 --><p class=\"rs-p-wp-fix\"><\/p>\n\t\t\t<rs-module-wrap id=\"rev_slider_4_1_wrapper\" data-source=\"gallery\" style=\"visibility:hidden;background:transparent;padding:0;margin:0px auto;margin-top:0;margin-bottom:0;\">\n\t\t\t\t<rs-module id=\"rev_slider_4_1\" style=\"\" data-version=\"6.6.20\">\n\t\t\t\t\t<rs-slides style=\"overflow: hidden; position: absolute;\">\n\t\t\t\t\t\t<rs-slide style=\"position: absolute;\" data-key=\"rs-9\" data-title=\"Slide\" data-in=\"o:0;\" data-out=\"a:false;\">\n\t\t\t\t\t\t\t<img decoding=\"async\" src=\"\/\/sport-messner.at\/wp-content\/plugins\/revslider\/public\/assets\/assets\/dummy.png\" alt=\"Slide\" title=\"header_sommer\" width=\"2560\" height=\"960\" class=\"rev-slidebg tp-rs-img rs-lazyload\" data-lazyload=\"\/\/sport-messner.at\/wp-content\/plugins\/revslider\/public\/assets\/assets\/transparent.png\" data-no-retina>\n<!--\n\t\t\t\t\t\t\t--><rs-layer\n\t\t\t\t\t\t\t\tid=\"slider-4-slide-9-layer-0\" \n\t\t\t\t\t\t\t\tdata-type=\"image\"\n\t\t\t\t\t\t\t\tdata-rsp_ch=\"on\"\n\t\t\t\t\t\t\t\tdata-xy=\"xo:-521px,-521px,-521px,-243px;yo:-175px,-175px,-175px,-81px;\"\n\t\t\t\t\t\t\t\tdata-text=\"w:normal;s:20,20,20,9;l:0,0,0,11;\"\n\t\t\t\t\t\t\t\tdata-dim=\"w:2000px,2000px,2000px,937px;h:750px,750px,750px,351px;\"\n\t\t\t\t\t\t\t\tdata-frame_999=\"o:0;st:w;\"\n\t\t\t\t\t\t\t\tstyle=\"z-index:6;\"\n\t\t\t\t\t\t\t><img decoding=\"async\" src=\"\/\/sport-messner.at\/wp-content\/plugins\/revslider\/public\/assets\/assets\/dummy.png\" alt=\"\" class=\"tp-rs-img rs-lazyload\" width=\"2560\" height=\"960\" data-lazyload=\"\/\/sport-messner.at\/wp-content\/uploads\/2024\/05\/header_sommer-5-scaled.jpg\" data-no-retina> \n\t\t\t\t\t\t\t<\/rs-layer><!--\n-->\t\t\t\t\t\t<\/rs-slide>\n\t\t\t\t\t<\/rs-slides>\n\t\t\t\t<\/rs-module>\n\t\t\t\t<script>\n\t\t\t\t\tsetREVStartSize({c: 'rev_slider_4_1',rl:[1240,1240,1240,480],el:[500,500,500,720],gw:[1024,1024,1024,480],gh:[500,500,500,720],type:'hero',justify:'',layout:'fullwidth',mh:\"0\"});if (window.RS_MODULES!==undefined && window.RS_MODULES.modules!==undefined && window.RS_MODULES.modules[\"revslider41\"]!==undefined) {window.RS_MODULES.modules[\"revslider41\"].once = false;window.revapi4 = undefined;if (window.RS_MODULES.checkMinimal!==undefined) window.RS_MODULES.checkMinimal()}\n\t\t\t\t<\/script>\n\t\t\t<\/rs-module-wrap>\n\t\t\t<!-- END REVOLUTION SLIDER -->\n[\/vc_column][\/vc_row][vc_row][vc_column]<style>.ld_spacer_69edd3681c739{height:32px;}<\/style>\n<div class=\"ld-empty-space ld_spacer_69edd3681c739\"><span class=\"liquid_empty_space_inner\"><\/span><\/div>[vc_column_text]<\/p>\n<h1 style=\"text-align: center;\">Impronta<\/h1>\n<p>[\/vc_column_text]<style>.ld_spacer_69edd3681cb21{height:32px;}<\/style>\n<div class=\"ld-empty-space ld_spacer_69edd3681cb21\"><span class=\"liquid_empty_space_inner\"><\/span><\/div>[\/vc_column][\/vc_row][vc_row][vc_column][vc_column_text]<\/p>\n<h2 style=\"text-align: left;\">SCUOLA DI SCI BERGERALM<\/h2>\n<div class=\"ce_text col-xs-12 last block\" style=\"text-align: left;\">Direzione: Georg Messner<br \/>\nStazione a valle Bergeralm, Huebenweg 25<br \/>\nA-6150 Steinach am Brenner<br \/>\nTel: <a href=\"tel:+436642260287\">+43 664 22 60 287Informazionisulla scuola di  sci<\/a>:<br \/>\n<a href=\"tel:+436642260287\">+43 664 543 59 88<\/a><br \/>\n<a href=\"mailto:info@skischule-bergeralm.at\">info@skischule-bergeralm.at<\/a><\/div>\n<div><\/div>\n<div><\/div>\n<div>Sport sulla neve Georg Messner Sport Messner<\/div>\n<div>Huebenweg 25, 6150 Steinach am Brenner<\/div>\n<div class=\"ce_text col-xs-12 last block\" style=\"text-align: left;\">\n<p>&nbsp;<\/p>\n<div class=\"ce_text col-xs-12 last block\">\n<h2 style=\"text-align: left;\">Design<\/h2>\n<p style=\"text-align: left;\"><a href=\"https:\/\/www.carinapeer.tirol\">Carina Peer Design grafico<\/a><\/p>\n<h2 style=\"text-align: left;\">Fonti dell&#8217;immagine<\/h2>\n<p style=\"text-align: left;\">Questa homepage utilizza immagini di TVB Wipptal, Sport Messner, Christoph Bayer, Jose Miguel Munoz, Merida, Stefan Filzmoser e Andreas Vigl.<\/p>\n<h2 style=\"text-align: left;\">Responsabilit\u00e0<\/h2>\n<p style=\"text-align: left;\">Tutti i testi presenti in questa homepage sono stati accuratamente controllati. Tuttavia, non \u00e8 possibile garantire la correttezza, la completezza e l&#8217;attualit\u00e0 delle informazioni. La responsabilit\u00e0 di Georg Messner o Stefan Schl\u00f6gl \u00e8 pertanto esclusa.<\/p>\n<h2 style=\"text-align: left;\"><\/h2>\n<h2 style=\"text-align: left;\">Note<\/h2>\n<p style=\"text-align: left;\">Per motivi legali, dobbiamo sottolineare che non possiamo sempre influenzare il contenuto delle pagine collegate e quindi non ne siamo responsabili! Tutti i dati personali inseriti tramite i moduli presenti su questo sito saranno utilizzati da noi solo per lo scopo previsto e saranno cancellati <a href=\"https:\/\/www.skischule-bergeralm.at\/#\">su richiesta<\/a>.<\/p>\n<h2 style=\"text-align: left;\"><\/h2>\n<h2 style=\"text-align: left;\">Informativa sulla protezione dei dati<\/h2>\n<p style=\"text-align: left;\">Questo sito web utilizza Google Analytics, un servizio di analisi web fornito da Google Inc. (&#8220;Google&#8221;). Google Analytics utilizza dei &#8220;cookie&#8221;, ovvero dei file di testo che vengono depositati sul tuo computer per consentire al sito web di analizzare come gli utenti utilizzano il sito. Le informazioni generate dal cookie sull&#8217;utilizzo del sito web da parte dell&#8217;utente (compreso il suo indirizzo IP) verranno trasmesse e memorizzate da Google su un server negli Stati Uniti. Google utilizzer\u00e0 queste informazioni allo scopo di valutare l&#8217;utilizzo del sito web da parte dell&#8217;utente, compilare report sulle attivit\u00e0 del sito web per gli operatori del sito web e fornire altri servizi relativi alle attivit\u00e0 del sito web e all&#8217;utilizzo di Internet. Google pu\u00f2 anche trasferire queste informazioni a terzi ove ci\u00f2 sia richiesto dalla legge o laddove tali terzi trattino le informazioni per conto di Google. Google non assocer\u00e0 il tuo indirizzo IP a nessun altro dato posseduto da Google. Puoi rifiutare l&#8217;uso dei cookie selezionando l&#8217;impostazione appropriata sul tuo browser, ma tieni presente che in tal caso potresti non essere in grado di utilizzare tutte le funzionalit\u00e0 di questo sito web. Utilizzando il presente sito web, l&#8217;utente acconsente al trattamento dei propri dati da parte di Google per le modalit\u00e0 e i fini sopraindicati.<\/p>\n<h2 style=\"text-align: left;\"><\/h2>\n<h2 style=\"text-align: left;\">PLUGIN SOCIALI DI FACEBOOK<\/h2>\n<p style=\"text-align: left;\">Il nostro sito web utilizza il riquadro &#8220;Mi piace&#8221; o il pulsante &#8220;Mi piace&#8221; sulla home page come plugin sociale di Facebook. Quando visiti la homepage del nostro sito, il tuo browser stabilisce una connessione diretta con i server di Facebook. Facebook trasmette il contenuto del plugin direttamente al tuo browser e lo integra nel sito web. Non abbiamo quindi alcuna influenza sulla portata dei dati che Facebook raccoglie con l&#8217;ausilio di questo plugin e pertanto ti informiamo in base al nostro livello di conoscenza: integrando il plugin, Facebook riceve l&#8217;informazione che sei entrato nella pagina corrispondente del nostro sito web. Se sei connesso a Facebook, Facebook pu\u00f2 assegnare la visita al tuo account Facebook. Se interagisci con i plugin, ad esempio cliccando sul pulsante Mi piace o lasciando un commento, le informazioni corrispondenti vengono trasmesse direttamente dal tuo browser a Facebook e memorizzate. Se non sei iscritto a Facebook, c&#8217;\u00e8 comunque la possibilit\u00e0 che Facebook scopra il tuo indirizzo IP e lo memorizzi. Se sei iscritto a Facebook e non vuoi che Facebook raccolga dati su di te attraverso il nostro sito web e li colleghi ai tuoi dati memorizzati su Facebook, devi disconnetterti da Facebook prima di visitare il nostro sito web. \u00c8 anche possibile bloccare i social plugin di Facebook con dei componenti aggiuntivi per il tuo browser, ad esempio con un &#8220;Facebook Blocker&#8221;. Lo scopo e l&#8217;ambito della raccolta dei dati, la loro elaborazione e il loro utilizzo da parte di Facebook, nonch\u00e9 i tuoi diritti e le opzioni di impostazione a questo proposito sono riportati nelle informazioni sulla protezione dei dati di Facebook.<br \/>\n<a href=\"http:\/\/www.facebook.com\/policy.php\" target=\"_blank\" rel=\"noopener\">www.facebook.com\/policy.php.<\/a><\/p>\n<h2 style=\"text-align: left;\"><\/h2>\n<h2 style=\"text-align: left;\">Avviso sui cookie<\/h2>\n<p style=\"text-align: left;\">Utilizziamo i cookie per raccogliere e memorizzare i dati. I cookie sono piccoli pacchetti di dati che il tuo browser memorizza sul tuo dispositivo finale su nostra richiesta. Non causano alcun danno. Non contengono virus e non ci permettono di spiarti. Vengono utilizzati due tipi di cookie. I cookie temporanei vengono eliminati automaticamente alla chiusura del browser (cookie di sessione). I cookie persistenti, invece, ti permettono di essere riconosciuto quando torni sul sito web dopo averlo abbandonato. I cookie ci permettono di tracciare il tuo comportamento d&#8217;uso per le finalit\u00e0 di cui sopra e nella misura corrispondente. Inoltre, hanno lo scopo di ottimizzare la tua esperienza di navigazione sul nostro sito web. Inoltre, raccogliamo questi dati solo in forma anonima. Puoi impostare il tuo browser internet in modo che i nostri cookie non possano essere memorizzati sul tuo dispositivo finale o che i cookie gi\u00e0 memorizzati vengano cancellati. All&#8217;indirizzo www.easyloop.at\/index.php\/datenschutz.html troverai un elenco dei diversi tipi di cookie utilizzati sul nostro sito web e una breve spiegazione delle rispettive finalit\u00e0.<\/p>\n<\/div>\n<\/div>\n<p>[\/vc_column_text][\/vc_column][\/vc_row][vc_row][vc_column][vc_column_text]<\/p>\n<p>[\/vc_column_text][\/vc_column][\/vc_row]<\/p>\n<\/div>","protected":false},"excerpt":{"rendered":"<p>[vc_row][vc_column][\/vc_column][\/vc_row][vc_row][vc_column][vc_column_text] Impronta [\/vc_column_text][\/vc_column][\/vc_row][vc_row][vc_column][vc_column_text] SCUOLA DI SCI BERGERALM Direzione: Georg Messner Stazione a valle Bergeralm, Huebenweg&#8230;<\/p>\n","protected":false},"author":3,"featured_media":0,"parent":0,"menu_order":0,"comment_status":"closed","ping_status":"closed","template":"","meta":{"footnotes":""},"class_list":["post-2390","page","type-page","status-publish","hentry"],"_links":{"self":[{"href":"https:\/\/sport-messner.at\/it\/wp-json\/wp\/v2\/pages\/2390","targetHints":{"allow":["GET"]}}],"collection":[{"href":"https:\/\/sport-messner.at\/it\/wp-json\/wp\/v2\/pages"}],"about":[{"href":"https:\/\/sport-messner.at\/it\/wp-json\/wp\/v2\/types\/page"}],"author":[{"embeddable":true,"href":"https:\/\/sport-messner.at\/it\/wp-json\/wp\/v2\/users\/3"}],"replies":[{"embeddable":true,"href":"https:\/\/sport-messner.at\/it\/wp-json\/wp\/v2\/comments?post=2390"}],"version-history":[{"count":6,"href":"https:\/\/sport-messner.at\/it\/wp-json\/wp\/v2\/pages\/2390\/revisions"}],"predecessor-version":[{"id":3918,"href":"https:\/\/sport-messner.at\/it\/wp-json\/wp\/v2\/pages\/2390\/revisions\/3918"}],"wp:attachment":[{"href":"https:\/\/sport-messner.at\/it\/wp-json\/wp\/v2\/media?parent=2390"}],"curies":[{"name":"wp","href":"https:\/\/api.w.org\/{rel}","templated":true}]}}